{"id":2,"date":"2013-02-15T22:32:44","date_gmt":"2013-02-15T22:32:44","guid":{"rendered":"http:\/\/www.subsolar.net\/stadterfinden\/?page_id=2"},"modified":"2013-07-17T12:18:37","modified_gmt":"2013-07-17T12:18:37","slug":"sample-page","status":"publish","type":"page","link":"https:\/\/www.lived-space-lab.org\/stadterfinden\/sample-page\/","title":{"rendered":"Projektbeschreibung"},"content":{"rendered":"<p>Das lived\/space\/lab der Universit\u00e4t der K\u00fcnste Berlin befasst sich mit dem Zusammenhang zwischen den gebauten R\u00e4umen einer Stadt und dem gelebten Raum ihrer Bewohner.<br \/>\nW\u00e4hrend man gebaute Dinge wie H\u00e4user, Stra\u00dfen und Pl\u00e4tze vermessen, abbilden und beschreiben kann, ist das Leben, das sich darin abspielt, vielf\u00e4ltig und nahezu unsichtbar &#8211; und doch von entscheidender Bedeutung f\u00fcr den spezifischen Charakter, die Identit\u00e4t und die Lebensqualit\u00e4t eines Quartiers.<\/p>\n<p>Im Seminar \u201eSTADT (ER)FINDEN\u201c geht es darum, dieses Unsichtbare im Stadtumbaugebiet Frankfurter Allee Nord sichtbar zu machen, damit es zur Grundlage weiterer Erfindung und k\u00fcnftiger Planung werden kann.<br \/>\nZu diesem Zweck haben EXTERNE, die derzeit an der UdK Architektur, Visuelle Kommunikation oder Bildende Kunst studieren, Teams mit EXPERTEN, die schon lange im Stadtteil leben oder arbeiten, gebildet.<\/p>\n<p>In ausf\u00fchrlichen Interviews und langen Stadtspazierg\u00e4ngen wurden zahlreiche Orte entdeckt, beschrieben und aufgesucht, die f\u00fcr das Gebiet und seine Entwicklung von Bedeutung sind oder sein k\u00f6nnten.<br \/>\nGefragt waren dabei nicht nur REPR\u00c4SENTATIVE ORTE und Sehensw\u00fcrdigkeiten, sondern auch BIOGRAFISCHE ORTE, die mit der eigenen Wohngeschichte zusammenh\u00e4ngen und sogar UTOPISCHE ORTE, die es hier (noch) nicht gibt. Die Erkundungen f\u00f6rderten differenzierte Qualit\u00e4ten von bekannten und weniger bekannten Stadtr\u00e4umen zu Tage.<\/p>\n<p>So entsteht eine etwas andere Karte des Stadtteils, in der\u00a0 junge und alte, weibliche und m\u00e4nnliche, verwurzelte und zugereiste, kritische und best\u00e4tigende Stimmen zu Wort kommen: Hier, vor Ort, geht das \u201eFinden\u201c ins \u201eErfinden\u201c st\u00e4dtischer R\u00e4ume \u00fcber und regt im Idealfall auch andere Menschen dazu an, \u201eeigene\u201c Orte zu entdecken und sich f\u00fcr deren Entwicklung zu engagieren.<\/p>\n<p>Seminarleitung: Dr. Saskia Hebert<br \/>\nTutor: Clemens Vogel<\/p>\n","protected":false},"excerpt":{"rendered":"<p>Das lived\/space\/lab der Universit\u00e4t der K\u00fcnste Berlin befasst sich mit dem Zusammenhang zwischen den gebauten R\u00e4umen einer Stadt und dem gelebten Raum ihrer Bewohner. W\u00e4hrend man gebaute Dinge wie H\u00e4user, Stra\u00dfen und Pl\u00e4tze vermessen, abbilden und beschreiben kann, ist das Leben, das sich darin abspielt, vielf\u00e4ltig und nahezu unsichtbar &#8211; und doch von entscheidender Bedeutung [&hellip;]<\/p>\n","protected":false},"author":10,"featured_media":0,"parent":0,"menu_order":0,"comment_status":"closed","ping_status":"closed","template":"","meta":{"footnotes":""},"class_list":["post-2","page","type-page","status-publish","hentry"],"_links":{"self":[{"href":"https:\/\/www.lived-space-lab.org\/stadterfinden\/wp-json\/wp\/v2\/pages\/2","targetHints":{"allow":["GET"]}}],"collection":[{"href":"https:\/\/www.lived-space-lab.org\/stadterfinden\/wp-json\/wp\/v2\/pages"}],"about":[{"href":"https:\/\/www.lived-space-lab.org\/stadterfinden\/wp-json\/wp\/v2\/types\/page"}],"author":[{"embeddable":true,"href":"https:\/\/www.lived-space-lab.org\/stadterfinden\/wp-json\/wp\/v2\/users\/10"}],"replies":[{"embeddable":true,"href":"https:\/\/www.lived-space-lab.org\/stadterfinden\/wp-json\/wp\/v2\/comments?post=2"}],"version-history":[{"count":3,"href":"https:\/\/www.lived-space-lab.org\/stadterfinden\/wp-json\/wp\/v2\/pages\/2\/revisions"}],"predecessor-version":[{"id":51,"href":"https:\/\/www.lived-space-lab.org\/stadterfinden\/wp-json\/wp\/v2\/pages\/2\/revisions\/51"}],"wp:attachment":[{"href":"https:\/\/www.lived-space-lab.org\/stadterfinden\/wp-json\/wp\/v2\/media?parent=2"}],"curies":[{"name":"wp","href":"https:\/\/api.w.org\/{rel}","templated":true}]}}